{"id":1192,"date":"2024-12-05T15:37:06","date_gmt":"2024-12-05T12:37:06","guid":{"rendered":"https:\/\/www.erismakina.com.tr\/?page_id=1192"},"modified":"2024-12-05T15:37:06","modified_gmt":"2024-12-05T12:37:06","slug":"250-mm-doner-tablali-satih-taslama-makinasi-150-07","status":"publish","type":"page","link":"https:\/\/www.erismakina.com.tr\/index.php\/taslama-makineleri\/250-mm-doner-tablali-satih-taslama-makinasi-150-07\/","title":{"rendered":"250 mm D\u00f6ner Tablal\u0131 Sat\u0131h Ta\u015flama Makinas\u0131 150-07"},"content":{"rendered":"\n<figure class=\"wp-block-image size-large\"><img loading=\"lazy\" decoding=\"async\" width=\"942\" height=\"1024\" src=\"https:\/\/www.erismakina.com.tr\/wp-content\/uploads\/2024\/12\/250-mm-doner-tablali-satih-taslama-makinasi-942x1024.jpg\" alt=\"\" class=\"wp-image-1193\" srcset=\"https:\/\/www.erismakina.com.tr\/wp-content\/uploads\/2024\/12\/250-mm-doner-tablali-satih-taslama-makinasi-942x1024.jpg 942w, https:\/\/www.erismakina.com.tr\/wp-content\/uploads\/2024\/12\/250-mm-doner-tablali-satih-taslama-makinasi-276x300.jpg 276w, https:\/\/www.erismakina.com.tr\/wp-content\/uploads\/2024\/12\/250-mm-doner-tablali-satih-taslama-makinasi-768x835.jpg 768w, https:\/\/www.erismakina.com.tr\/wp-content\/uploads\/2024\/12\/250-mm-doner-tablali-satih-taslama-makinasi-1413x1536.jpg 1413w, https:\/\/www.erismakina.com.tr\/wp-content\/uploads\/2024\/12\/250-mm-doner-tablali-satih-taslama-makinasi.jpg 1420w\" sizes=\"auto, (max-width: 942px) 100vw, 942px\" \/><\/figure>\n\n\n\n<figure class=\"wp-block-table is-style-stripes\"><table class=\"has-fixed-layout\"><tbody><tr><td class=\"has-text-align-left\" data-align=\"left\">Makina Boyutlar\u0131 (X, Y, Z)<\/td><td>X123 \/ Y90 \/ Z148<\/td><td>Machine Dimansions (X, Y, Z)<\/td><\/tr><tr><td class=\"has-text-align-left\" data-align=\"left\">A\u011f\u0131rl\u0131k<\/td><td>450 Kg<\/td><td>Weight<\/td><\/tr><tr><td class=\"has-text-align-left\" data-align=\"left\">Tabla Stroku &amp; Hareketi<\/td><td>50 mm<\/td><td>Table Stroke &amp; Movement<\/td><\/tr><tr><td class=\"has-text-align-left\" data-align=\"left\">Tabla &#8211; Ta\u015f Aras\u0131 Mesafe (Max)<\/td><td>50 mm<\/td><td>Distance Between Table and Wheel (Max)<\/td><\/tr><tr><td class=\"has-text-align-left\" data-align=\"left\">Ta\u015f Motoru<\/td><td>2,2 KW 1400 D\/dk<\/td><td>Wheel Engine<\/td><\/tr><tr><td class=\"has-text-align-left\" data-align=\"left\">Su Motoru<\/td><td>0,09 KW<\/td><td>Water Engine<\/td><\/tr><tr><td class=\"has-text-align-left\" data-align=\"left\">M\u0131knat\u0131s<\/td><td>250 mm<\/td><td>Magnet<\/td><\/tr><tr><td class=\"has-text-align-left\" data-align=\"left\">D\u00f6ner Tabla H\u0131z\u0131 (H\u0131z Kontroll\u00fc)<\/td><td>0,18 KW 1400 D\/dk<\/td><td>Turn-Table Speed (With Speed Control)<\/td><\/tr><tr><td class=\"has-text-align-left\" data-align=\"left\">Tabla D\u00f6n\u00fc\u015f H\u0131z\u0131 (Ayarlanabilir)<\/td><td>0-100 D\/dk<\/td><td>Table Toration Speed (Adjustable)<\/td><\/tr><tr><td class=\"has-text-align-left\" data-align=\"left\">Su Tank\u0131 Kapasitesi<\/td><td>40 lt<\/td><td>Capacity of Water Tank<\/td><\/tr><tr><td class=\"has-text-align-left\" data-align=\"left\">Dijital G\u00f6sterge<\/td><td>0,01 mm<\/td><td>Digital Display<\/td><\/tr><\/tbody><\/table><\/figure>\n","protected":false},"excerpt":{"rendered":"<p>Makina Boyutlar\u0131 (X, Y, Z) X123 \/ Y90 \/ Z148 Machine Dimansions (X, Y, Z) A\u011f\u0131rl\u0131k 450 Kg Weight Tabla Stroku &amp; Hareketi 50 mm Table Stroke &amp; Movement Tabla &#8211; Ta\u015f Aras\u0131 Mesafe (Max) 50 mm Distance Between Table and Wheel (Max) Ta\u015f Motoru 2,2 KW 1400 D\/dk Wheel&#8230;<\/p>\n","protected":false},"author":1,"featured_media":1193,"parent":2,"menu_order":0,"comment_status":"closed","ping_status":"closed","template":"","meta":{"footnotes":""},"class_list":["post-1192","page","type-page","status-publish","has-post-thumbnail","hentry"],"_links":{"self":[{"href":"https:\/\/www.erismakina.com.tr\/index.php\/wp-json\/wp\/v2\/pages\/1192","targetHints":{"allow":["GET"]}}],"collection":[{"href":"https:\/\/www.erismakina.com.tr\/index.php\/wp-json\/wp\/v2\/pages"}],"about":[{"href":"https:\/\/www.erismakina.com.tr\/index.php\/wp-json\/wp\/v2\/types\/page"}],"author":[{"embeddable":true,"href":"https:\/\/www.erismakina.com.tr\/index.php\/wp-json\/wp\/v2\/users\/1"}],"replies":[{"embeddable":true,"href":"https:\/\/www.erismakina.com.tr\/index.php\/wp-json\/wp\/v2\/comments?post=1192"}],"version-history":[{"count":1,"href":"https:\/\/www.erismakina.com.tr\/index.php\/wp-json\/wp\/v2\/pages\/1192\/revisions"}],"predecessor-version":[{"id":1194,"href":"https:\/\/www.erismakina.com.tr\/index.php\/wp-json\/wp\/v2\/pages\/1192\/revisions\/1194"}],"up":[{"embeddable":true,"href":"https:\/\/www.erismakina.com.tr\/index.php\/wp-json\/wp\/v2\/pages\/2"}],"wp:featuredmedia":[{"embeddable":true,"href":"https:\/\/www.erismakina.com.tr\/index.php\/wp-json\/wp\/v2\/media\/1193"}],"wp:attachment":[{"href":"https:\/\/www.erismakina.com.tr\/index.php\/wp-json\/wp\/v2\/media?parent=1192"}],"curies":[{"name":"wp","href":"https:\/\/api.w.org\/{rel}","templated":true}]}}