{"id":1208,"date":"2024-12-06T12:02:04","date_gmt":"2024-12-06T09:02:04","guid":{"rendered":"https:\/\/www.erismakina.com.tr\/?page_id=1208"},"modified":"2024-12-06T12:02:04","modified_gmt":"2024-12-06T09:02:04","slug":"volant-disk-taslama-makinesi-150-05","status":"publish","type":"page","link":"https:\/\/www.erismakina.com.tr\/index.php\/taslama-makineleri\/volant-disk-taslama-makinesi-150-05\/","title":{"rendered":"Volant Disk Ta\u015flama Makinesi 150-05"},"content":{"rendered":"\n<figure class=\"wp-block-image size-large\"><img loading=\"lazy\" decoding=\"async\" width=\"971\" height=\"1024\" src=\"https:\/\/www.erismakina.com.tr\/wp-content\/uploads\/2024\/12\/150-05-volant-taslama-makinesi-971x1024.jpg\" alt=\"\" class=\"wp-image-1209\" srcset=\"https:\/\/www.erismakina.com.tr\/wp-content\/uploads\/2024\/12\/150-05-volant-taslama-makinesi-971x1024.jpg 971w, https:\/\/www.erismakina.com.tr\/wp-content\/uploads\/2024\/12\/150-05-volant-taslama-makinesi-284x300.jpg 284w, https:\/\/www.erismakina.com.tr\/wp-content\/uploads\/2024\/12\/150-05-volant-taslama-makinesi-768x810.jpg 768w, https:\/\/www.erismakina.com.tr\/wp-content\/uploads\/2024\/12\/150-05-volant-taslama-makinesi-1456x1536.jpg 1456w, https:\/\/www.erismakina.com.tr\/wp-content\/uploads\/2024\/12\/150-05-volant-taslama-makinesi.jpg 1508w\" sizes=\"auto, (max-width: 971px) 100vw, 971px\" \/><\/figure>\n\n\n\n<figure class=\"wp-block-table is-style-stripes\"><table class=\"has-fixed-layout\"><tbody><tr><td class=\"has-text-align-left\" data-align=\"left\">Makina Boyutlar\u0131 (X,Y,Z)<\/td><td>X90 \/ Y75 \/ Z80 cm<\/td><td>Machine Dimensions (X, Y, Z)<\/td><\/tr><tr><td class=\"has-text-align-left\" data-align=\"left\">A\u011f\u0131rl\u0131k<\/td><td>160 Kg<\/td><td>Weight<\/td><\/tr><tr><td class=\"has-text-align-left\" data-align=\"left\">Tabla Stroku&amp;Hareketi<\/td><td>50 mm<\/td><td>Table Stroke &amp; Movement<\/td><\/tr><tr><td class=\"has-text-align-left\" data-align=\"left\">Tabla &#8211; Ta\u015f Aras\u0131 Mesafe (Max)<\/td><td>50 mm (\u00d6zelde Yap\u0131labilir)<\/td><td>Distance Between Table and Wheel (Max)<\/td><\/tr><tr><td class=\"has-text-align-left\" data-align=\"left\">Ta\u015f Motoru<\/td><td>1,1 KW 2800 D\/dk<\/td><td>Wheel Engine<\/td><\/tr><tr><td class=\"has-text-align-left\" data-align=\"left\">Tabla-\u00c7ap\u0131<\/td><td>250-500 mm<\/td><td>Table-Diameter<\/td><\/tr><tr><td class=\"has-text-align-left\" data-align=\"left\">Su Yank\u0131 Kapasitesi<\/td><td>20 lt<\/td><td>Capacity of Water Tank<\/td><\/tr><tr><td class=\"has-text-align-left\" data-align=\"left\">Dijital G\u00f6sterge <\/td><td>0,01 mm<\/td><td>Digital Display<\/td><\/tr><tr><td class=\"has-text-align-left\" data-align=\"left\">Tabla Red\u00fckt\u00f6r Motoru<\/td><td>0,37 Kw 1400 D\/dk<\/td><td>Table Gearmotor<\/td><\/tr><tr><td class=\"has-text-align-left\" data-align=\"left\">Tabla D\u00f6n\u00fc\u015f H\u0131z\u0131 (Ayarlanabilir)<\/td><td>0-100 D \/ dk<\/td><td>Table Rotation Speed (Adjustable)<\/td><\/tr><tr><td class=\"has-text-align-left\" data-align=\"left\"><\/td><td><\/td><td><\/td><\/tr><\/tbody><\/table><\/figure>\n","protected":false},"excerpt":{"rendered":"<p>Makina Boyutlar\u0131 (X,Y,Z) X90 \/ Y75 \/ Z80 cm Machine Dimensions (X, Y, Z) A\u011f\u0131rl\u0131k 160 Kg Weight Tabla Stroku&amp;Hareketi 50 mm Table Stroke &amp; Movement Tabla &#8211; Ta\u015f Aras\u0131 Mesafe (Max) 50 mm (\u00d6zelde Yap\u0131labilir) Distance Between Table and Wheel (Max) Ta\u015f Motoru 1,1 KW 2800 D\/dk Wheel Engine&#8230;<\/p>\n","protected":false},"author":1,"featured_media":1209,"parent":2,"menu_order":0,"comment_status":"closed","ping_status":"closed","template":"","meta":{"footnotes":""},"class_list":["post-1208","page","type-page","status-publish","has-post-thumbnail","hentry"],"_links":{"self":[{"href":"https:\/\/www.erismakina.com.tr\/index.php\/wp-json\/wp\/v2\/pages\/1208","targetHints":{"allow":["GET"]}}],"collection":[{"href":"https:\/\/www.erismakina.com.tr\/index.php\/wp-json\/wp\/v2\/pages"}],"about":[{"href":"https:\/\/www.erismakina.com.tr\/index.php\/wp-json\/wp\/v2\/types\/page"}],"author":[{"embeddable":true,"href":"https:\/\/www.erismakina.com.tr\/index.php\/wp-json\/wp\/v2\/users\/1"}],"replies":[{"embeddable":true,"href":"https:\/\/www.erismakina.com.tr\/index.php\/wp-json\/wp\/v2\/comments?post=1208"}],"version-history":[{"count":1,"href":"https:\/\/www.erismakina.com.tr\/index.php\/wp-json\/wp\/v2\/pages\/1208\/revisions"}],"predecessor-version":[{"id":1210,"href":"https:\/\/www.erismakina.com.tr\/index.php\/wp-json\/wp\/v2\/pages\/1208\/revisions\/1210"}],"up":[{"embeddable":true,"href":"https:\/\/www.erismakina.com.tr\/index.php\/wp-json\/wp\/v2\/pages\/2"}],"wp:featuredmedia":[{"embeddable":true,"href":"https:\/\/www.erismakina.com.tr\/index.php\/wp-json\/wp\/v2\/media\/1209"}],"wp:attachment":[{"href":"https:\/\/www.erismakina.com.tr\/index.php\/wp-json\/wp\/v2\/media?parent=1208"}],"curies":[{"name":"wp","href":"https:\/\/api.w.org\/{rel}","templated":true}]}}