{"id":1211,"date":"2024-12-06T14:08:05","date_gmt":"2024-12-06T11:08:05","guid":{"rendered":"https:\/\/www.erismakina.com.tr\/?page_id=1211"},"modified":"2024-12-06T14:08:05","modified_gmt":"2024-12-06T11:08:05","slug":"plastik-kirma-bicagi-taslama-makinesi-150-08","status":"publish","type":"page","link":"https:\/\/www.erismakina.com.tr\/index.php\/taslama-makineleri\/plastik-kirma-bicagi-taslama-makinesi-150-08\/","title":{"rendered":"Plastik K\u0131rma B\u0131\u00e7a\u011f\u0131 Ta\u015flama Makinesi 150-08"},"content":{"rendered":"\n<figure class=\"wp-block-image size-large\"><img loading=\"lazy\" decoding=\"async\" width=\"907\" height=\"1024\" src=\"https:\/\/www.erismakina.com.tr\/wp-content\/uploads\/2024\/12\/150-08-plastik-kirma-bicagi-907x1024.jpg\" alt=\"\" class=\"wp-image-1214\" srcset=\"https:\/\/www.erismakina.com.tr\/wp-content\/uploads\/2024\/12\/150-08-plastik-kirma-bicagi-907x1024.jpg 907w, https:\/\/www.erismakina.com.tr\/wp-content\/uploads\/2024\/12\/150-08-plastik-kirma-bicagi-266x300.jpg 266w, https:\/\/www.erismakina.com.tr\/wp-content\/uploads\/2024\/12\/150-08-plastik-kirma-bicagi-768x867.jpg 768w, https:\/\/www.erismakina.com.tr\/wp-content\/uploads\/2024\/12\/150-08-plastik-kirma-bicagi-1361x1536.jpg 1361w, https:\/\/www.erismakina.com.tr\/wp-content\/uploads\/2024\/12\/150-08-plastik-kirma-bicagi.jpg 1420w\" sizes=\"auto, (max-width: 907px) 100vw, 907px\" \/><\/figure>\n\n\n\n<figure class=\"wp-block-table is-style-stripes\"><table class=\"has-fixed-layout\"><tbody><tr><td class=\"has-text-align-left\" data-align=\"left\">Makina Boyutlar\u0131<\/td><td>125 x 140 x 925 cm<\/td><td>Machine Dimensions<\/td><\/tr><tr><td class=\"has-text-align-left\" data-align=\"left\">A\u011f\u0131rl\u0131k<\/td><td>260 Kg<\/td><td>Weight<\/td><\/tr><tr><td class=\"has-text-align-left\" data-align=\"left\">Tabla Stroku&amp;Hareketi<\/td><td>850 mm<\/td><td>Table Stroke&amp;Movement<\/td><\/tr><tr><td class=\"has-text-align-left\" data-align=\"left\">Tabla-Ta\u015f Aras\u0131 Mesafe (Max)<\/td><td>185 mm<\/td><td>Distance Between Table And<\/td><\/tr><tr><td class=\"has-text-align-left\" data-align=\"left\">Ta\u015f Motoru<\/td><td>1,1 KW 2800 d\/dk<\/td><td>Wheel Engine<\/td><\/tr><tr><td class=\"has-text-align-left\" data-align=\"left\">M\u0131knat\u0131s<\/td><td>450 Watt 300-500 mm<\/td><td>Magnet<\/td><\/tr><tr><td class=\"has-text-align-left\" data-align=\"left\">G\u00f6sterge Z Paso<\/td><td>0,02 mm<\/td><td>Display<\/td><\/tr><tr><td class=\"has-text-align-left\" data-align=\"left\">Tabla Red\u00fckt\u00f6r Motoru<\/td><td>0,37 Kw 1400 D\/dk<\/td><td>Table Gearmotor<\/td><\/tr><tr><td class=\"has-text-align-left\" data-align=\"left\">Tabla D\u00f6n\u00fc\u015f H\u0131z\u0131 (Ayarlanabilir)<\/td><td>0-17 D\/dk<\/td><td>Table Rotation Speed (Adjustable)<\/td><\/tr><\/tbody><\/table><\/figure>\n","protected":false},"excerpt":{"rendered":"<p>Makina Boyutlar\u0131 125 x 140 x 925 cm Machine Dimensions A\u011f\u0131rl\u0131k 260 Kg Weight Tabla Stroku&amp;Hareketi 850 mm Table Stroke&amp;Movement Tabla-Ta\u015f Aras\u0131 Mesafe (Max) 185 mm Distance Between Table And Ta\u015f Motoru 1,1 KW 2800 d\/dk Wheel Engine M\u0131knat\u0131s 450 Watt 300-500 mm Magnet G\u00f6sterge Z Paso 0,02 mm Display&#8230;<\/p>\n","protected":false},"author":1,"featured_media":1214,"parent":2,"menu_order":0,"comment_status":"closed","ping_status":"closed","template":"","meta":{"footnotes":""},"class_list":["post-1211","page","type-page","status-publish","has-post-thumbnail","hentry"],"_links":{"self":[{"href":"https:\/\/www.erismakina.com.tr\/index.php\/wp-json\/wp\/v2\/pages\/1211","targetHints":{"allow":["GET"]}}],"collection":[{"href":"https:\/\/www.erismakina.com.tr\/index.php\/wp-json\/wp\/v2\/pages"}],"about":[{"href":"https:\/\/www.erismakina.com.tr\/index.php\/wp-json\/wp\/v2\/types\/page"}],"author":[{"embeddable":true,"href":"https:\/\/www.erismakina.com.tr\/index.php\/wp-json\/wp\/v2\/users\/1"}],"replies":[{"embeddable":true,"href":"https:\/\/www.erismakina.com.tr\/index.php\/wp-json\/wp\/v2\/comments?post=1211"}],"version-history":[{"count":1,"href":"https:\/\/www.erismakina.com.tr\/index.php\/wp-json\/wp\/v2\/pages\/1211\/revisions"}],"predecessor-version":[{"id":1215,"href":"https:\/\/www.erismakina.com.tr\/index.php\/wp-json\/wp\/v2\/pages\/1211\/revisions\/1215"}],"up":[{"embeddable":true,"href":"https:\/\/www.erismakina.com.tr\/index.php\/wp-json\/wp\/v2\/pages\/2"}],"wp:featuredmedia":[{"embeddable":true,"href":"https:\/\/www.erismakina.com.tr\/index.php\/wp-json\/wp\/v2\/media\/1214"}],"wp:attachment":[{"href":"https:\/\/www.erismakina.com.tr\/index.php\/wp-json\/wp\/v2\/media?parent=1211"}],"curies":[{"name":"wp","href":"https:\/\/api.w.org\/{rel}","templated":true}]}}