{"id":1220,"date":"2024-12-06T14:26:15","date_gmt":"2024-12-06T11:26:15","guid":{"rendered":"https:\/\/www.erismakina.com.tr\/?page_id=1220"},"modified":"2024-12-06T14:26:15","modified_gmt":"2024-12-06T11:26:15","slug":"volant-disk-taslama-makinesi-200-01","status":"publish","type":"page","link":"https:\/\/www.erismakina.com.tr\/index.php\/taslama-makineleri\/volant-disk-taslama-makinesi-200-01\/","title":{"rendered":"Volant Disk Ta\u015flama Makinesi 200-01"},"content":{"rendered":"\n<figure class=\"wp-block-image size-large\"><img loading=\"lazy\" decoding=\"async\" width=\"858\" height=\"1024\" src=\"https:\/\/www.erismakina.com.tr\/wp-content\/uploads\/2024\/12\/200-01-volant-disk-taslama-makinesi-858x1024.jpg\" alt=\"\" class=\"wp-image-1221\" srcset=\"https:\/\/www.erismakina.com.tr\/wp-content\/uploads\/2024\/12\/200-01-volant-disk-taslama-makinesi-858x1024.jpg 858w, https:\/\/www.erismakina.com.tr\/wp-content\/uploads\/2024\/12\/200-01-volant-disk-taslama-makinesi-251x300.jpg 251w, https:\/\/www.erismakina.com.tr\/wp-content\/uploads\/2024\/12\/200-01-volant-disk-taslama-makinesi-768x917.jpg 768w, https:\/\/www.erismakina.com.tr\/wp-content\/uploads\/2024\/12\/200-01-volant-disk-taslama-makinesi-1287x1536.jpg 1287w, https:\/\/www.erismakina.com.tr\/wp-content\/uploads\/2024\/12\/200-01-volant-disk-taslama-makinesi.jpg 1360w\" sizes=\"auto, (max-width: 858px) 100vw, 858px\" \/><\/figure>\n\n\n\n<figure class=\"wp-block-table is-style-stripes\"><table class=\"has-fixed-layout\"><tbody><tr><td class=\"has-text-align-left\" data-align=\"left\">Makina Boyutlar\u0131<\/td><td>65 x 90 x 80 cm<\/td><td>Machine Dimensions<\/td><\/tr><tr><td class=\"has-text-align-left\" data-align=\"left\">A\u011f\u0131rl\u0131k<\/td><td>180 kg<\/td><td>Weight<\/td><\/tr><tr><td class=\"has-text-align-left\" data-align=\"left\">Tabla Stroku&amp;Hareketi<\/td><td>50 mm<\/td><td>Table Stroke&amp;Movement<\/td><\/tr><tr><td class=\"has-text-align-left\" data-align=\"left\">Tabla-Ta\u015f Aras\u0131 Mesafe (Max)<\/td><td>230 mm<\/td><td>Distance Between Table and Wheel (Max)<\/td><\/tr><tr><td class=\"has-text-align-left\" data-align=\"left\">Ta\u015f Motoru<\/td><td>2,2 KW 2800 D\/dk<\/td><td>Wheel Engine<\/td><\/tr><tr><td class=\"has-text-align-left\" data-align=\"left\">Su Motoru<\/td><td>0,09 KW<\/td><td>Water Engine<\/td><\/tr><tr><td class=\"has-text-align-left\" data-align=\"left\">Ayna \u00c7ap\u0131<\/td><td>200 mm<\/td><td>Mirror Diameter<\/td><\/tr><tr><td class=\"has-text-align-left\" data-align=\"left\">M\u0131knat\u0131s<\/td><td>100 W<\/td><td>Magnet<\/td><\/tr><tr><td class=\"has-text-align-left\" data-align=\"left\">Su Tank\u0131 Kapasitesi<\/td><td>30 lt<\/td><td>Capacity of Water Tank<\/td><\/tr><\/tbody><\/table><\/figure>\n","protected":false},"excerpt":{"rendered":"<p>Makina Boyutlar\u0131 65 x 90 x 80 cm Machine Dimensions A\u011f\u0131rl\u0131k 180 kg Weight Tabla Stroku&amp;Hareketi 50 mm Table Stroke&amp;Movement Tabla-Ta\u015f Aras\u0131 Mesafe (Max) 230 mm Distance Between Table and Wheel (Max) Ta\u015f Motoru 2,2 KW 2800 D\/dk Wheel Engine Su Motoru 0,09 KW Water Engine Ayna \u00c7ap\u0131 200 mm&#8230;<\/p>\n","protected":false},"author":1,"featured_media":1221,"parent":2,"menu_order":0,"comment_status":"closed","ping_status":"closed","template":"","meta":{"footnotes":""},"class_list":["post-1220","page","type-page","status-publish","has-post-thumbnail","hentry"],"_links":{"self":[{"href":"https:\/\/www.erismakina.com.tr\/index.php\/wp-json\/wp\/v2\/pages\/1220","targetHints":{"allow":["GET"]}}],"collection":[{"href":"https:\/\/www.erismakina.com.tr\/index.php\/wp-json\/wp\/v2\/pages"}],"about":[{"href":"https:\/\/www.erismakina.com.tr\/index.php\/wp-json\/wp\/v2\/types\/page"}],"author":[{"embeddable":true,"href":"https:\/\/www.erismakina.com.tr\/index.php\/wp-json\/wp\/v2\/users\/1"}],"replies":[{"embeddable":true,"href":"https:\/\/www.erismakina.com.tr\/index.php\/wp-json\/wp\/v2\/comments?post=1220"}],"version-history":[{"count":1,"href":"https:\/\/www.erismakina.com.tr\/index.php\/wp-json\/wp\/v2\/pages\/1220\/revisions"}],"predecessor-version":[{"id":1222,"href":"https:\/\/www.erismakina.com.tr\/index.php\/wp-json\/wp\/v2\/pages\/1220\/revisions\/1222"}],"up":[{"embeddable":true,"href":"https:\/\/www.erismakina.com.tr\/index.php\/wp-json\/wp\/v2\/pages\/2"}],"wp:featuredmedia":[{"embeddable":true,"href":"https:\/\/www.erismakina.com.tr\/index.php\/wp-json\/wp\/v2\/media\/1221"}],"wp:attachment":[{"href":"https:\/\/www.erismakina.com.tr\/index.php\/wp-json\/wp\/v2\/media?parent=1220"}],"curies":[{"name":"wp","href":"https:\/\/api.w.org\/{rel}","templated":true}]}}