{"id":1232,"date":"2024-12-06T15:57:56","date_gmt":"2024-12-06T12:57:56","guid":{"rendered":"https:\/\/www.erismakina.com.tr\/?page_id=1232"},"modified":"2024-12-06T15:57:56","modified_gmt":"2024-12-06T12:57:56","slug":"yuzey-taslama-makinasi-150-02","status":"publish","type":"page","link":"https:\/\/www.erismakina.com.tr\/index.php\/taslama-makineleri\/yuzey-taslama-makinasi-150-02\/","title":{"rendered":"Y\u00fczey Ta\u015flama Makinas\u0131 150-02"},"content":{"rendered":"\n<figure class=\"wp-block-image size-large\"><img loading=\"lazy\" decoding=\"async\" width=\"836\" height=\"1024\" src=\"https:\/\/www.erismakina.com.tr\/wp-content\/uploads\/2024\/12\/yuzey-taslama-makinasi-150-02-836x1024.jpg\" alt=\"\" class=\"wp-image-1233\" srcset=\"https:\/\/www.erismakina.com.tr\/wp-content\/uploads\/2024\/12\/yuzey-taslama-makinasi-150-02-836x1024.jpg 836w, https:\/\/www.erismakina.com.tr\/wp-content\/uploads\/2024\/12\/yuzey-taslama-makinasi-150-02-245x300.jpg 245w, https:\/\/www.erismakina.com.tr\/wp-content\/uploads\/2024\/12\/yuzey-taslama-makinasi-150-02-768x940.jpg 768w, https:\/\/www.erismakina.com.tr\/wp-content\/uploads\/2024\/12\/yuzey-taslama-makinasi-150-02-1255x1536.jpg 1255w, https:\/\/www.erismakina.com.tr\/wp-content\/uploads\/2024\/12\/yuzey-taslama-makinasi-150-02.jpg 1280w\" sizes=\"auto, (max-width: 836px) 100vw, 836px\" \/><\/figure>\n\n\n\n<figure class=\"wp-block-table is-style-stripes\"><table class=\"has-fixed-layout\"><tbody><tr><td class=\"has-text-align-left\" data-align=\"left\">Makina Boyutlar\u0131<\/td><td>45 x 35 x 75 cm<\/td><td>Machine Dimensions<\/td><\/tr><tr><td class=\"has-text-align-left\" data-align=\"left\">A\u011f\u0131rl\u0131k<\/td><td>47 kg<\/td><td>Weight<\/td><\/tr><tr><td class=\"has-text-align-left\" data-align=\"left\">Tabla Stroku&amp;Hareketi<\/td><td>50 mm<\/td><td>Table Stroke&amp;Movement<\/td><\/tr><tr><td class=\"has-text-align-left\" data-align=\"left\">Tabla-Ta\u015f Aras\u0131 Mesafe (Max)<\/td><td>50 mm<\/td><td>Distance Between Table and Wheel (Max)<\/td><\/tr><tr><td class=\"has-text-align-left\" data-align=\"left\">Ta\u015f Motoru<\/td><td>0,25 KW 2800 D\/dk<\/td><td>Wheel Engine<\/td><\/tr><tr><td class=\"has-text-align-left\" data-align=\"left\">M\u0131knat\u0131s<\/td><td>100 W<\/td><td>Magnet<\/td><\/tr><tr><td class=\"has-text-align-left\" data-align=\"left\">Dijital G\u00f6sterge<\/td><td>0,01 mm<\/td><td>Digital Display<\/td><\/tr><\/tbody><\/table><\/figure>\n","protected":false},"excerpt":{"rendered":"<p>Makina Boyutlar\u0131 45 x 35 x 75 cm Machine Dimensions A\u011f\u0131rl\u0131k 47 kg Weight Tabla Stroku&amp;Hareketi 50 mm Table Stroke&amp;Movement Tabla-Ta\u015f Aras\u0131 Mesafe (Max) 50 mm Distance Between Table and Wheel (Max) Ta\u015f Motoru 0,25 KW 2800 D\/dk Wheel Engine M\u0131knat\u0131s 100 W Magnet Dijital G\u00f6sterge 0,01 mm Digital Display<\/p>\n","protected":false},"author":1,"featured_media":1233,"parent":2,"menu_order":0,"comment_status":"closed","ping_status":"closed","template":"","meta":{"footnotes":""},"class_list":["post-1232","page","type-page","status-publish","has-post-thumbnail","hentry"],"_links":{"self":[{"href":"https:\/\/www.erismakina.com.tr\/index.php\/wp-json\/wp\/v2\/pages\/1232","targetHints":{"allow":["GET"]}}],"collection":[{"href":"https:\/\/www.erismakina.com.tr\/index.php\/wp-json\/wp\/v2\/pages"}],"about":[{"href":"https:\/\/www.erismakina.com.tr\/index.php\/wp-json\/wp\/v2\/types\/page"}],"author":[{"embeddable":true,"href":"https:\/\/www.erismakina.com.tr\/index.php\/wp-json\/wp\/v2\/users\/1"}],"replies":[{"embeddable":true,"href":"https:\/\/www.erismakina.com.tr\/index.php\/wp-json\/wp\/v2\/comments?post=1232"}],"version-history":[{"count":1,"href":"https:\/\/www.erismakina.com.tr\/index.php\/wp-json\/wp\/v2\/pages\/1232\/revisions"}],"predecessor-version":[{"id":1234,"href":"https:\/\/www.erismakina.com.tr\/index.php\/wp-json\/wp\/v2\/pages\/1232\/revisions\/1234"}],"up":[{"embeddable":true,"href":"https:\/\/www.erismakina.com.tr\/index.php\/wp-json\/wp\/v2\/pages\/2"}],"wp:featuredmedia":[{"embeddable":true,"href":"https:\/\/www.erismakina.com.tr\/index.php\/wp-json\/wp\/v2\/media\/1233"}],"wp:attachment":[{"href":"https:\/\/www.erismakina.com.tr\/index.php\/wp-json\/wp\/v2\/media?parent=1232"}],"curies":[{"name":"wp","href":"https:\/\/api.w.org\/{rel}","templated":true}]}}