{"id":1243,"date":"2024-12-09T11:23:25","date_gmt":"2024-12-09T08:23:25","guid":{"rendered":"https:\/\/www.erismakina.com.tr\/?page_id=1243"},"modified":"2024-12-09T11:23:25","modified_gmt":"2024-12-09T08:23:25","slug":"kapak-test-makinasi-1200","status":"publish","type":"page","link":"https:\/\/www.erismakina.com.tr\/index.php\/diger-makineler\/kapak-test-makinasi-1200\/","title":{"rendered":"Kapak Test Makinas\u0131 1200"},"content":{"rendered":"\n<figure class=\"wp-block-image size-large\"><img loading=\"lazy\" decoding=\"async\" width=\"1024\" height=\"923\" src=\"https:\/\/www.erismakina.com.tr\/wp-content\/uploads\/2024\/12\/kapak-test-makimesi-1024x923.jpg\" alt=\"\" class=\"wp-image-1244\" srcset=\"https:\/\/www.erismakina.com.tr\/wp-content\/uploads\/2024\/12\/kapak-test-makimesi-1024x923.jpg 1024w, https:\/\/www.erismakina.com.tr\/wp-content\/uploads\/2024\/12\/kapak-test-makimesi-300x271.jpg 300w, https:\/\/www.erismakina.com.tr\/wp-content\/uploads\/2024\/12\/kapak-test-makimesi-768x693.jpg 768w, https:\/\/www.erismakina.com.tr\/wp-content\/uploads\/2024\/12\/kapak-test-makimesi.jpg 1344w\" sizes=\"auto, (max-width: 1024px) 100vw, 1024px\" \/><\/figure>\n\n\n\n<figure class=\"wp-block-table is-style-stripes\"><table class=\"has-fixed-layout\"><tbody><tr><td class=\"has-text-align-left\" data-align=\"left\">Makina Boyutlar\u0131 (X,Y,Z)<\/td><td>2000x1050x1600<\/td><td>Machine Dimensions (X,Y,Z)<\/td><\/tr><tr><td class=\"has-text-align-left\" data-align=\"left\">Silindir Kapak Uzunlu\u011fu Max.<\/td><td>1100 mm<\/td><td>Table Stroke&amp;Movement<\/td><\/tr><tr><td class=\"has-text-align-left\" data-align=\"left\">Silindir Kapak Geni\u015flik<\/td><td>360 mm<\/td><td>Distance Between Table and Wheel (Max)<\/td><\/tr><tr><td class=\"has-text-align-left\" data-align=\"left\">Silindir Kapak Y\u00fckseklik<\/td><td>400 mm<\/td><td>Cylinder Head Height<\/td><\/tr><tr><td class=\"has-text-align-left\" data-align=\"left\">A\u011f\u0131rl\u0131k<\/td><td>250 kg<\/td><td>Weight<\/td><\/tr><tr><td class=\"has-text-align-left\" data-align=\"left\">Tank Kapasitesi<\/td><td>500 lt<\/td><td>Tank Capacity<\/td><\/tr><tr><td class=\"has-text-align-left\" data-align=\"left\">Is\u0131t\u0131c\u0131<\/td><td>2&#215;7,5 KW<\/td><td>Heater<\/td><\/tr><tr><td class=\"has-text-align-left\" data-align=\"left\">Termostat<\/td><td>0-90 \u02daC<\/td><td>Thermostat<\/td><\/tr><tr><td class=\"has-text-align-left\" data-align=\"left\">Elektrik \/ Faz<\/td><td>220-380 V\/3<\/td><td>Electric \/ Phase<\/td><\/tr><tr><td class=\"has-text-align-left\" data-align=\"left\">Yakla\u015f\u0131k Takribi A\u011f\u0131rl\u0131k<\/td><td>550 Kg<\/td><td>Approximate Weight<\/td><\/tr><\/tbody><\/table><\/figure>\n","protected":false},"excerpt":{"rendered":"<p>Makina Boyutlar\u0131 (X,Y,Z) 2000x1050x1600 Machine Dimensions (X,Y,Z) Silindir Kapak Uzunlu\u011fu Max. 1100 mm Table Stroke&amp;Movement Silindir Kapak Geni\u015flik 360 mm Distance Between Table and Wheel (Max) Silindir Kapak Y\u00fckseklik 400 mm Cylinder Head Height A\u011f\u0131rl\u0131k 250 kg Weight Tank Kapasitesi 500 lt Tank Capacity Is\u0131t\u0131c\u0131 2&#215;7,5 KW Heater Termostat 0-90&#8230;<\/p>\n","protected":false},"author":1,"featured_media":1244,"parent":1238,"menu_order":0,"comment_status":"closed","ping_status":"closed","template":"","meta":{"footnotes":""},"class_list":["post-1243","page","type-page","status-publish","has-post-thumbnail","hentry"],"_links":{"self":[{"href":"https:\/\/www.erismakina.com.tr\/index.php\/wp-json\/wp\/v2\/pages\/1243","targetHints":{"allow":["GET"]}}],"collection":[{"href":"https:\/\/www.erismakina.com.tr\/index.php\/wp-json\/wp\/v2\/pages"}],"about":[{"href":"https:\/\/www.erismakina.com.tr\/index.php\/wp-json\/wp\/v2\/types\/page"}],"author":[{"embeddable":true,"href":"https:\/\/www.erismakina.com.tr\/index.php\/wp-json\/wp\/v2\/users\/1"}],"replies":[{"embeddable":true,"href":"https:\/\/www.erismakina.com.tr\/index.php\/wp-json\/wp\/v2\/comments?post=1243"}],"version-history":[{"count":1,"href":"https:\/\/www.erismakina.com.tr\/index.php\/wp-json\/wp\/v2\/pages\/1243\/revisions"}],"predecessor-version":[{"id":1245,"href":"https:\/\/www.erismakina.com.tr\/index.php\/wp-json\/wp\/v2\/pages\/1243\/revisions\/1245"}],"up":[{"embeddable":true,"href":"https:\/\/www.erismakina.com.tr\/index.php\/wp-json\/wp\/v2\/pages\/1238"}],"wp:featuredmedia":[{"embeddable":true,"href":"https:\/\/www.erismakina.com.tr\/index.php\/wp-json\/wp\/v2\/media\/1244"}],"wp:attachment":[{"href":"https:\/\/www.erismakina.com.tr\/index.php\/wp-json\/wp\/v2\/media?parent=1243"}],"curies":[{"name":"wp","href":"https:\/\/api.w.org\/{rel}","templated":true}]}}