{"id":1246,"date":"2024-12-09T11:46:53","date_gmt":"2024-12-09T08:46:53","guid":{"rendered":"https:\/\/www.erismakina.com.tr\/?page_id=1246"},"modified":"2024-12-09T11:46:53","modified_gmt":"2024-12-09T08:46:53","slug":"parca-yikama-makinesi","status":"publish","type":"page","link":"https:\/\/www.erismakina.com.tr\/index.php\/diger-makineler\/parca-yikama-makinesi\/","title":{"rendered":"Par\u00e7a Y\u0131kama Makinesi"},"content":{"rendered":"\n<figure class=\"wp-block-image size-large\"><img loading=\"lazy\" decoding=\"async\" width=\"1024\" height=\"997\" src=\"http:\/\/www.erismakina.com.tr\/wp-content\/uploads\/2024\/12\/parca-yikama-makinesi-1024x997.jpg\" alt=\"\" class=\"wp-image-1247\" srcset=\"https:\/\/www.erismakina.com.tr\/wp-content\/uploads\/2024\/12\/parca-yikama-makinesi-1024x997.jpg 1024w, https:\/\/www.erismakina.com.tr\/wp-content\/uploads\/2024\/12\/parca-yikama-makinesi-300x292.jpg 300w, https:\/\/www.erismakina.com.tr\/wp-content\/uploads\/2024\/12\/parca-yikama-makinesi-768x748.jpg 768w, https:\/\/www.erismakina.com.tr\/wp-content\/uploads\/2024\/12\/parca-yikama-makinesi.jpg 1143w\" sizes=\"auto, (max-width: 1024px) 100vw, 1024px\" \/><\/figure>\n\n\n\n<figure class=\"wp-block-table is-style-stripes\"><table class=\"has-fixed-layout\"><tbody><tr><td>Model<\/td><td>1000<\/td><td>1250<\/td><td>1500<\/td><td>Type<\/td><\/tr><tr><td>Sepet \u00c7ap\u0131 (mm)<\/td><td>920<\/td><td>1150<\/td><td>1350<\/td><td>Basket Diameter (mm)<\/td><\/tr><tr><td>Y\u00fckleme Y\u00fcksekli\u011fi (mm)<\/td><td>400<\/td><td>650<\/td><td>800<\/td><td>Loading Height (mm)<\/td><\/tr><tr><td>Tank Kapasitesi (lt)<\/td><td>100<\/td><td>200<\/td><td>300<\/td><td>Tank Capacity (lt)<\/td><\/tr><tr><td>Pompa Bas\u0131nc\u0131 (Bar)<\/td><td>10<\/td><td>10<\/td><td>10<\/td><td>Pump Pressure (Bar)<\/td><\/tr><tr><td>Y\u00fckleme A\u011f\u0131rl\u0131\u011f\u0131 (Kg)<\/td><td>250<\/td><td>500<\/td><td>900<\/td><td>Loading Weight (Kg)<\/td><\/tr><tr><td>Elektrik G\u00fcc\u00fc (Kw)<\/td><td>7,5<\/td><td>10<\/td><td>15<\/td><td>Electric Power (Kw)<\/td><\/tr><\/tbody><\/table><\/figure>\n","protected":false},"excerpt":{"rendered":"<p>Model 1000 1250 1500 Type Sepet \u00c7ap\u0131 (mm) 920 1150 1350 Basket Diameter (mm) Y\u00fckleme Y\u00fcksekli\u011fi (mm) 400 650 800 Loading Height (mm) Tank Kapasitesi (lt) 100 200 300 Tank Capacity (lt) Pompa Bas\u0131nc\u0131 (Bar) 10 10 10 Pump Pressure (Bar) Y\u00fckleme A\u011f\u0131rl\u0131\u011f\u0131 (Kg) 250 500 900 Loading Weight (Kg)&#8230;<\/p>\n","protected":false},"author":1,"featured_media":1247,"parent":1238,"menu_order":0,"comment_status":"closed","ping_status":"closed","template":"","meta":{"footnotes":""},"class_list":["post-1246","page","type-page","status-publish","has-post-thumbnail","hentry"],"_links":{"self":[{"href":"https:\/\/www.erismakina.com.tr\/index.php\/wp-json\/wp\/v2\/pages\/1246","targetHints":{"allow":["GET"]}}],"collection":[{"href":"https:\/\/www.erismakina.com.tr\/index.php\/wp-json\/wp\/v2\/pages"}],"about":[{"href":"https:\/\/www.erismakina.com.tr\/index.php\/wp-json\/wp\/v2\/types\/page"}],"author":[{"embeddable":true,"href":"https:\/\/www.erismakina.com.tr\/index.php\/wp-json\/wp\/v2\/users\/1"}],"replies":[{"embeddable":true,"href":"https:\/\/www.erismakina.com.tr\/index.php\/wp-json\/wp\/v2\/comments?post=1246"}],"version-history":[{"count":1,"href":"https:\/\/www.erismakina.com.tr\/index.php\/wp-json\/wp\/v2\/pages\/1246\/revisions"}],"predecessor-version":[{"id":1248,"href":"https:\/\/www.erismakina.com.tr\/index.php\/wp-json\/wp\/v2\/pages\/1246\/revisions\/1248"}],"up":[{"embeddable":true,"href":"https:\/\/www.erismakina.com.tr\/index.php\/wp-json\/wp\/v2\/pages\/1238"}],"wp:featuredmedia":[{"embeddable":true,"href":"https:\/\/www.erismakina.com.tr\/index.php\/wp-json\/wp\/v2\/media\/1247"}],"wp:attachment":[{"href":"https:\/\/www.erismakina.com.tr\/index.php\/wp-json\/wp\/v2\/media?parent=1246"}],"curies":[{"name":"wp","href":"https:\/\/api.w.org\/{rel}","templated":true}]}}