{"id":1257,"date":"2024-12-09T13:32:42","date_gmt":"2024-12-09T10:32:42","guid":{"rendered":"https:\/\/www.erismakina.com.tr\/?page_id=1257"},"modified":"2024-12-09T13:32:42","modified_gmt":"2024-12-09T10:32:42","slug":"700-kampana-disk-tornasi","status":"publish","type":"page","link":"https:\/\/www.erismakina.com.tr\/index.php\/diger-makineler\/700-kampana-disk-tornasi\/","title":{"rendered":"700 Kampana Disk Tornas\u0131"},"content":{"rendered":"\n<figure class=\"wp-block-image size-large\"><img loading=\"lazy\" decoding=\"async\" width=\"1024\" height=\"947\" src=\"http:\/\/www.erismakina.com.tr\/wp-content\/uploads\/2024\/12\/700-kampana-disk-tornasi-1024x947.jpg\" alt=\"\" class=\"wp-image-1258\" srcset=\"https:\/\/www.erismakina.com.tr\/wp-content\/uploads\/2024\/12\/700-kampana-disk-tornasi-1024x947.jpg 1024w, https:\/\/www.erismakina.com.tr\/wp-content\/uploads\/2024\/12\/700-kampana-disk-tornasi-300x277.jpg 300w, https:\/\/www.erismakina.com.tr\/wp-content\/uploads\/2024\/12\/700-kampana-disk-tornasi-768x710.jpg 768w, https:\/\/www.erismakina.com.tr\/wp-content\/uploads\/2024\/12\/700-kampana-disk-tornasi.jpg 1393w\" sizes=\"auto, (max-width: 1024px) 100vw, 1024px\" \/><\/figure>\n\n\n\n<figure class=\"wp-block-table is-style-stripes\"><table class=\"has-fixed-layout\"><tbody><tr><td>Disk Ba\u011flama \u00c7ap\u0131 (mak.)<\/td><td>385 mm<\/td><td>Disc Mounting Diameter (Max.)<\/td><\/tr><tr><td>Kampana Ba\u011flama \u00c7ap\u0131 (Min.)<\/td><td>180 mm<\/td><td>Mounting Diameter to Drum (Min)<\/td><\/tr><tr><td>Kampana Ba\u011flama \u00c7ap\u0131 (Maks)<\/td><td>500 mm<\/td><td>Mounting Diameter  (Max)<\/td><\/tr><tr><td>Kampana Ba\u011flama \u00c7ap\u0131 Tekerli (Maks)<\/td><td>1000 mm<\/td><td>Mounting Diameter With Wheel (Max)<\/td><\/tr><tr><td>D\u00f6nme Devri<\/td><td>45-90 dev\/dak<\/td><td>Rotation Age<\/td><\/tr><tr><td>Ana Motor<\/td><td>1-1,7 kw<\/td><td>Main Engine<\/td><\/tr><tr><td>\u0130lerleme H\u0131z\u0131<\/td><td>10 mm\/dak<\/td><td>Advance Speed<\/td><\/tr><tr><td>Sport Otomati\u011fi<\/td><td>ileri veya geri<\/td><td>Sport Automatic<\/td><\/tr><tr><td>Taban Y\u00fczeyi<\/td><td>720-650 mm<\/td><td>Base Surface<\/td><\/tr><tr><td>Y\u00fckseklik<\/td><td>1300 mm<\/td><td>High<\/td><\/tr><tr><td>Takribi A\u011f\u0131rl\u0131k<\/td><td>1000 kg<\/td><td>Approximate Weight<\/td><\/tr><\/tbody><\/table><\/figure>\n\n\n\n<p><strong>SANDART EK\u0130PMANLAR<\/strong><\/p>\n\n\n\n<figure class=\"wp-block-table is-style-stripes\"><table class=\"has-fixed-layout\"><tbody><tr><td>41-6 Mm \u0130ki A\u011f\u0131zl\u0131 Anahtarl\u0131<\/td><td>1<\/td><td>41-60 Mm Two-End Switch<\/td><\/tr><tr><td>Disk Tornas\u0131 i\u00e7in \u00c7ift Elmasl\u0131 kater<\/td><td>1<\/td><td>Double Diamond Holder for Disc Lathe<\/td><\/tr><tr><td>Disk Tornas\u0131 i\u00e7in Kalem Kateri<\/td><td>2<\/td><td>Pen Barrel For Disc Turning<\/td><\/tr><tr><td>Kampana Tornas\u0131 \u0130\u00e7in D\u00f6k\u00fcm Kater<\/td><td>1<\/td><td>Casting Holder for Drum Screw<\/td><\/tr><tr><td>Kampana Tornas\u0131 i\u00e7in Kalem Kateri<\/td><td>1<\/td><td>Pen Barrel For Drum Screw<\/td><\/tr><tr><td>Sertle\u015ftirilmi\u015f Ve Ta\u015flanm\u0131\u015f Mil 45 Mm.<\/td><td>1<\/td><td>Hardened And Ground Shaft 45 Mm.<\/td><\/tr><tr><td>Sertle\u015ftirilmi\u015f ve Ta\u015flanm\u0131\u015f Mil 25 Mm.<\/td><td>1<\/td><td>Hardened And Ground Shaft 25 Mm.<\/td><\/tr><tr><td>Serle\u015ftirilmi\u015f Merkezleme Konikleri Ve Aparatlar\u0131 (45 Mm)<\/td><td>18<\/td><td>Hardened Centering Cones And Apparatus (45 Mm)<\/td><\/tr><tr><td>Sertle\u015ftirilmi\u015f Merkezleme Konikleri Ve Aparatlar\u0131 (25 Mm)<\/td><td>20<\/td><td>Hardened Centering Cones And Apparatus (25 Mm)<\/td><\/tr><tr><td>Mil S\u00f6kme Aparat\u0131<\/td><td>2<\/td><td>Shaft Removal Tool<\/td><\/tr><tr><td>Yay<\/td><td>2<\/td><td>Arrow<\/td><\/tr><tr><td>Yay Pompas\u0131<\/td><td>1<\/td><td>Spring Pump<\/td><\/tr><tr><td>Mil S\u00f6kme Aparat\u0131<\/td><td>2<\/td><td>Shaft Removal Tool<\/td><\/tr><tr><td>Ayd\u0131nlatma Lambas\u0131<\/td><td>1<\/td><td>Lighting Lamp 220 V<\/td><\/tr><\/tbody><\/table><\/figure>\n\n\n\n<p><strong>OPS\u0130YONEL EK\u0130PMANLAR<\/strong><\/p>\n\n\n\n<figure class=\"wp-block-table is-style-stripes\"><table class=\"has-fixed-layout\"><tbody><tr><td>Kesici Elmaslar<\/td><td>Cutting Diamonds<\/td><\/tr><tr><td>Poryas\u0131z Disk Ba\u011flama Aparat\u0131<\/td><td>Hubless Disk Mounting Apparatus<\/td><\/tr><tr><td>Vin\u00e7 Sistemi<\/td><td>Crane System<\/td><\/tr><tr><td>\u0130ste\u011fe Ba\u011fl\u0131 Kronik Aparatlar<\/td><td>Optional Conical Apparatus<\/td><\/tr><\/tbody><\/table><\/figure>\n","protected":false},"excerpt":{"rendered":"<p>Disk Ba\u011flama \u00c7ap\u0131 (mak.) 385 mm Disc Mounting Diameter (Max.) Kampana Ba\u011flama \u00c7ap\u0131 (Min.) 180 mm Mounting Diameter to Drum (Min) Kampana Ba\u011flama \u00c7ap\u0131 (Maks) 500 mm Mounting Diameter (Max) Kampana Ba\u011flama \u00c7ap\u0131 Tekerli (Maks) 1000 mm Mounting Diameter With Wheel (Max) D\u00f6nme Devri 45-90 dev\/dak Rotation Age Ana Motor&#8230;<\/p>\n","protected":false},"author":1,"featured_media":1258,"parent":1238,"menu_order":0,"comment_status":"closed","ping_status":"closed","template":"","meta":{"footnotes":""},"class_list":["post-1257","page","type-page","status-publish","has-post-thumbnail","hentry"],"_links":{"self":[{"href":"https:\/\/www.erismakina.com.tr\/index.php\/wp-json\/wp\/v2\/pages\/1257","targetHints":{"allow":["GET"]}}],"collection":[{"href":"https:\/\/www.erismakina.com.tr\/index.php\/wp-json\/wp\/v2\/pages"}],"about":[{"href":"https:\/\/www.erismakina.com.tr\/index.php\/wp-json\/wp\/v2\/types\/page"}],"author":[{"embeddable":true,"href":"https:\/\/www.erismakina.com.tr\/index.php\/wp-json\/wp\/v2\/users\/1"}],"replies":[{"embeddable":true,"href":"https:\/\/www.erismakina.com.tr\/index.php\/wp-json\/wp\/v2\/comments?post=1257"}],"version-history":[{"count":1,"href":"https:\/\/www.erismakina.com.tr\/index.php\/wp-json\/wp\/v2\/pages\/1257\/revisions"}],"predecessor-version":[{"id":1259,"href":"https:\/\/www.erismakina.com.tr\/index.php\/wp-json\/wp\/v2\/pages\/1257\/revisions\/1259"}],"up":[{"embeddable":true,"href":"https:\/\/www.erismakina.com.tr\/index.php\/wp-json\/wp\/v2\/pages\/1238"}],"wp:featuredmedia":[{"embeddable":true,"href":"https:\/\/www.erismakina.com.tr\/index.php\/wp-json\/wp\/v2\/media\/1258"}],"wp:attachment":[{"href":"https:\/\/www.erismakina.com.tr\/index.php\/wp-json\/wp\/v2\/media?parent=1257"}],"curies":[{"name":"wp","href":"https:\/\/api.w.org\/{rel}","templated":true}]}}